{"id":1035,"date":"2022-06-14T09:54:06","date_gmt":"2022-06-14T07:54:06","guid":{"rendered":"https:\/\/xelinideia.com\/politica-de-redes-sociales\/"},"modified":"2022-06-14T19:02:30","modified_gmt":"2022-06-14T17:02:30","slug":"politica-de-redes-sociales","status":"publish","type":"page","link":"http:\/\/xelinideia.com\/de\/politica-de-redes-sociales\/","title":{"rendered":"Pol\u00edtica de Redes Sociales"},"content":{"rendered":"<p>[et_pb_section fb_built=&#8220;1&#8243; custom_padding_last_edited=&#8220;on|phone&#8220; _builder_version=&#8220;4.17.4&#8243; _module_preset=&#8220;default&#8220; background_color=&#8220;#f9f9f9&#8243; custom_padding=&#8220;100px||||false|false&#8220; custom_padding_tablet=&#8220;70px||40px||false|false&#8220; custom_padding_phone=&#8220;60px||30px||false|false&#8220; global_colors_info=&#8220;{}&#8220;][et_pb_row _builder_version=&#8220;4.17.4&#8243; _module_preset=&#8220;default&#8220; custom_padding=&#8220;0px||0px||false|false&#8220; global_colors_info=&#8220;{}&#8220;][et_pb_column type=&#8220;4_4&#8243; _builder_version=&#8220;4.17.4&#8243; _module_preset=&#8220;default&#8220; global_colors_info=&#8220;{}&#8220;][et_pb_text _builder_version=&#8220;4.17.4&#8243; _module_preset=&#8220;default&#8220; header_font=&#8220;|700|||||||&#8220; header_text_color=&#8220;#7dbad8&#8243; global_colors_info=&#8220;{}&#8220;]<\/p>\n<h1>Pol\u00edtica de Redes Sociales<\/h1>\n<p>[\/et_pb_text][\/et_pb_column][\/et_pb_row][\/et_pb_section][et_pb_section fb_built=&#8220;1&#8243; _builder_version=&#8220;4.17.4&#8243; _module_preset=&#8220;default&#8220; global_colors_info=&#8220;{}&#8220;][et_pb_row _builder_version=&#8220;4.17.4&#8243; _module_preset=&#8220;default&#8220; custom_padding=&#8220;0px||||false|false&#8220; global_colors_info=&#8220;{}&#8220;][et_pb_column type=&#8220;4_4&#8243; _builder_version=&#8220;4.17.4&#8243; _module_preset=&#8220;default&#8220; global_colors_info=&#8220;{}&#8220;][et_pb_text _builder_version=&#8220;4.17.4&#8243; _module_preset=&#8220;default&#8220; header_2_font=&#8220;|600||on|||||&#8220; header_2_text_color=&#8220;#7dbad8&#8243; header_2_font_size=&#8220;17px&#8220; header_2_letter_spacing=&#8220;0.3px&#8220; hover_enabled=&#8220;0&#8243; global_colors_info=&#8220;{}&#8220; sticky_enabled=&#8220;0&#8243;]<\/p>\n<p>En cumplimiento de la Ley de Protecci\u00f3n de Datos de Car\u00e1cter Personal y la Ley 34\/2002, de 11 de julio, de Servicios de la Sociedad de la Informaci\u00f3n y de Comercio Electr\u00f3nico (LSSI-CE), Restaurante Xelini informa a los usuarios, que ha procedido a crear un perfil en las Redes Sociales Facebook, Twitter, con la finalidad principal de publicitar sus productos y servicios.<\/p>\n<p>El usuario dispone de un perfil en la misma Red Social y ha decidido unirse a la p\u00e1gina creada por Restaurante Xelini, mostrando as\u00ed inter\u00e9s en la informaci\u00f3n que se publicite en la Red. Al unirse a nuestra p\u00e1gina, nos facilita su consentimiento para el tratamiento de aquellos datos personales publicados en su perfil.<\/p>\n<p>El usuario puede acceder en todo momento a las pol\u00edticas de privacidad de la propia Red Social, as\u00ed como configurar su perfil para garantizar su privacidad.<\/p>\n<p>Restaurante Xelini tiene acceso y trata aquella informaci\u00f3n p\u00fablica del usuario, en especial, su nombre de contacto. Estos datos, s\u00f3lo son utilizados dentro de la propia Red Social.<br \/>En relaci\u00f3n a los derechos, de los que usted dispone y que pueden ser ejercitados ante Restaurante Xelini de acuerdo con la Ley Org\u00e1nica 3\/2018, de 5 de diciembre, de Protecci\u00f3n de Datos Personales y garant\u00eda de los derechos digitales, debe tener en cuenta lo siguiente:<\/p>\n<p>Acceso: Definido por la Red Social y la capacidad de acceso a la informaci\u00f3n de los perfiles de los usuarios.<\/p>\n<p>Rectificaci\u00f3n: Aquella informaci\u00f3n que se encuentre bajo el control de Restaurante Xelini, por ejemplo, eliminar comentarios publicados en la propia p\u00e1gina. Normalmente, este derecho deber\u00e1 ejercerlo ante la Red Social.<\/p>\n<p>Cancelaci\u00f3n y\/u Oposici\u00f3n: Como en el caso anterior, s\u00f3lo la que se encuentre bajo el control de Restaurante Xelini, por ejemplo, dejar de estar unido al perfil.<\/p>\n<p>Restaurante Xelini realizar\u00e1 las siguientes actuaciones:<br \/>Acceso a la informaci\u00f3n p\u00fablica del perfil.<\/p>\n<p>Publicaci\u00f3n en el perfil del usuario de toda aquella informaci\u00f3n ya publicada en la p\u00e1gina de Restaurante Xelini<\/p>\n<p>Enviar mensajes personales e individuales a trav\u00e9s de los canales de la Red Social.<\/p>\n<p>Actualizaciones del estado de la p\u00e1gina que se publicar\u00e1n en el perfil del usuario.<\/p>\n<p>El usuario siempre puede controlar sus conexiones, eliminar los contenidos que dejen de interesarle y restringir con qui\u00e9n comparte sus conexiones, para ello deber\u00e1 acceder a su configuraci\u00f3n de privacidad.<\/p>\n<h2>Publicaciones<\/h2>\n<p>El usuario, una vez unido a la p\u00e1gina de Restaurante Xelini podr\u00e1 publicar en \u00e9sta \u00faltima comentarios, enlaces, im\u00e1genes o fotograf\u00edas o cualquier otro tipo de contenido multimedia soportado por la Red Social. El usuario, en todos los casos, debe ser el titular de los mismos, gozar de los derechos de autor y de propiedad intelectual o contar con el consentimiento de los terceros afectados. Se proh\u00edbe expresamente cualquier publicaci\u00f3n en la p\u00e1gina, ya sean textos, gr\u00e1ficos, fotograf\u00edas, v\u00eddeos, etc. que atenten o sean susceptibles de atentar contra la moral, la \u00e9tica, el buen gusto o el decoro, y\/o que infrinjan, violen o quebranten los derechos de propiedad intelectual o industrial, el derecho a la imagen o la Ley. En estos casos, Restaurante Xelini se reserva el derecho a retirar de inmediato el contenido, pudiendo solicitar el bloqueo permanente del usuario.<\/p>\n<p>Restaurante Xelini no se har\u00e1 responsable de los contenidos que libremente ha publicado un usuario.<\/p>\n<p>El usuario debe tener presente que sus publicaciones ser\u00e1n conocidas por los otros usuarios, por lo que \u00e9l mismo es el principal responsable de su privacidad.<\/p>\n<p>Las im\u00e1genes que puedan publicarse en la p\u00e1gina no ser\u00e1n almacenadas en ning\u00fan fichero por parte de Restaurante Xelini, pero s\u00ed que permanecer\u00e1n en la Red Social.<\/p>\n<h2>Concursos y promociones<\/h2>\n<p>Restaurante Xelini se reserva el derecho a realizar concursos y promociones, en los que podr\u00e1 participar el usuario unido a su p\u00e1gina. Las bases de cada uno de ellos, cuando se utilice para ello la plataforma de la Red Social, ser\u00e1n publicadas en la misma. Cumpliendo siempre con la LSSI-CE y con cualquier otra norma que le sea de aplicaci\u00f3n.<\/p>\n<p>La Red Social no patrocina, avala ni administra, de modo alguno, ninguna de nuestras promociones, ni est\u00e1 asociada a ninguna de ellas.<\/p>\n<h2>Publicidad<\/h2>\n<p>Restaurante Xelini utilizar\u00e1 la Red Social para publicitar sus productos y servicios, en todo caso, si decide tratar sus datos de contacto para realizar acciones directas de prospecci\u00f3n comercial, ser\u00e1 siempre, cumpliendo con las exigencias legales de la LOPDGD y de la LSSI-CE.<\/p>\n<p>No se considerar\u00e1 publicidad el hecho de recomendar a otros usuarios la p\u00e1gina de Restaurante Xelini para que tambi\u00e9n ellos puedan disfrutar de las promociones o estar informados de su actividad.<\/p>\n<p>Si lo desea puede consultar las pol\u00edticas de privacidad en los siguientes enlaces:<span style=\"font-family: Baskerville Old Face, serif;\"><span style=\"color: #0563c1;\"><u><a href=\"https:\/\/tripadvisor.mediaroom.com\/ES-privacy-policy\"><span style=\"color: #000000;\"><\/span><\/a><\/u><\/span><\/span><\/p>\n<p>\u2022 <a href=\"https:\/\/www.facebook.com\/about\/privacy\/\" target=\"_blank\" rel=\"noopener\">Facebook<\/a><br \/>\u2022 <a href=\"https:\/\/twitter.com\/privacy\" target=\"_blank\" rel=\"noopener\">Twitter<\/a><br \/>\u2022 <a href=\"https:\/\/www.linkedin.com\/legal\/privacy-policy\" target=\"_blank\" rel=\"noopener\">Linkedin<\/a><br \/>\u2022 <a href=\"https:\/\/policies.google.com\/privacy?hl=es&amp;gl=es\" target=\"_blank\" rel=\"noopener\">Google<\/a><br \/>\u2022 <a href=\"https:\/\/help.instagram.com\/155833707900388\" target=\"_blank\" rel=\"noopener\">Instagram<\/a><br \/>\u2022 <a href=\"https:\/\/www.whatsapp.com\/legal\/?lang=es#terms-of-service\" target=\"_blank\" rel=\"noopener\">Whatsapp<\/a><br \/>\u2022 <a href=\"https:\/\/www.youtube.com\/intl\/es\/about\/policies\/#community-guidelines\" target=\"_blank\" rel=\"noopener\">Youtube<\/a><br \/>\u2022 <a href=\"https:\/\/tripadvisor.mediaroom.com\/ES-privacy-policy\" target=\"_blank\" rel=\"noopener\">Tripadvisor<\/a><\/p>\n<p>[\/et_pb_text][\/et_pb_column][\/et_pb_row][\/et_pb_section]<\/p>\n","protected":false},"excerpt":{"rendered":"<p>Pol\u00edtica de Redes SocialesEn cumplimiento de la Ley de Protecci\u00f3n de Datos de Car\u00e1cter Personal y la Ley 34\/2002, de 11 de julio, de Servicios de la Sociedad de la Informaci\u00f3n y de Comercio Electr\u00f3nico (LSSI-CE), Restaurante Xelini informa a los usuarios, que ha procedido a crear un perfil en las Redes Sociales Facebook, Twitter, [&hellip;]<\/p>\n","protected":false},"author":2,"featured_media":0,"parent":0,"menu_order":0,"comment_status":"closed","ping_status":"closed","template":"","meta":{"_et_pb_use_builder":"on","_et_pb_old_content":"","_et_gb_content_width":"","_joinchat":[],"footnotes":""},"class_list":["post-1035","page","type-page","status-publish","hentry"],"yoast_head":"<!-- This site is optimized with the Yoast SEO plugin v26.9 - https:\/\/yoast.com\/product\/yoast-seo-wordpress\/ -->\n<title>Pol\u00edtica de Redes Sociales - Xelini<\/title>\n<meta name=\"robots\" content=\"index, follow, max-snippet:-1, max-image-preview:large, max-video-preview:-1\" \/>\n<link rel=\"canonical\" href=\"http:\/\/xelinideia.com\/de\/politica-de-redes-sociales\/\" \/>\n<meta property=\"og:locale\" content=\"de_DE\" \/>\n<meta property=\"og:type\" content=\"article\" \/>\n<meta property=\"og:title\" content=\"Pol\u00edtica de Redes Sociales - Xelini\" \/>\n<meta property=\"og:description\" content=\"Pol\u00edtica de Redes SocialesEn cumplimiento de la Ley de Protecci\u00f3n de Datos de Car\u00e1cter Personal y la Ley 34\/2002, de 11 de julio, de Servicios de la Sociedad de la Informaci\u00f3n y de Comercio Electr\u00f3nico (LSSI-CE), Restaurante Xelini informa a los usuarios, que ha procedido a crear un perfil en las Redes Sociales Facebook, Twitter, [&hellip;]\" \/>\n<meta property=\"og:url\" content=\"http:\/\/xelinideia.com\/de\/politica-de-redes-sociales\/\" \/>\n<meta property=\"og:site_name\" content=\"Xelini\" \/>\n<meta property=\"article:modified_time\" content=\"2022-06-14T17:02:30+00:00\" \/>\n<meta name=\"twitter:card\" content=\"summary_large_image\" \/>\n<meta name=\"twitter:label1\" content=\"Gesch\u00e4tzte Lesezeit\" \/>\n\t<meta name=\"twitter:data1\" content=\"5\u00a0Minuten\" \/>\n<script type=\"application\/ld+json\" class=\"yoast-schema-graph\">{\"@context\":\"https:\/\/schema.org\",\"@graph\":[{\"@type\":\"WebPage\",\"@id\":\"http:\/\/xelinideia.com\/de\/politica-de-redes-sociales\/\",\"url\":\"http:\/\/xelinideia.com\/de\/politica-de-redes-sociales\/\",\"name\":\"Pol\u00edtica de Redes Sociales - Xelini\",\"isPartOf\":{\"@id\":\"http:\/\/xelinideia.com\/#website\"},\"datePublished\":\"2022-06-14T07:54:06+00:00\",\"dateModified\":\"2022-06-14T17:02:30+00:00\",\"breadcrumb\":{\"@id\":\"http:\/\/xelinideia.com\/de\/politica-de-redes-sociales\/#breadcrumb\"},\"inLanguage\":\"de\",\"potentialAction\":[{\"@type\":\"ReadAction\",\"target\":[\"http:\/\/xelinideia.com\/de\/politica-de-redes-sociales\/\"]}]},{\"@type\":\"BreadcrumbList\",\"@id\":\"http:\/\/xelinideia.com\/de\/politica-de-redes-sociales\/#breadcrumb\",\"itemListElement\":[{\"@type\":\"ListItem\",\"position\":1,\"name\":\"Portada\",\"item\":\"https:\/\/xelinideia.com\/\"},{\"@type\":\"ListItem\",\"position\":2,\"name\":\"Pol\u00edtica de Redes Sociales\"}]},{\"@type\":\"WebSite\",\"@id\":\"http:\/\/xelinideia.com\/#website\",\"url\":\"http:\/\/xelinideia.com\/\",\"name\":\"Xelini\",\"description\":\"Restaurante Dei\u00e0 Mallorca\",\"potentialAction\":[{\"@type\":\"SearchAction\",\"target\":{\"@type\":\"EntryPoint\",\"urlTemplate\":\"http:\/\/xelinideia.com\/?s={search_term_string}\"},\"query-input\":{\"@type\":\"PropertyValueSpecification\",\"valueRequired\":true,\"valueName\":\"search_term_string\"}}],\"inLanguage\":\"de\"}]}<\/script>\n<!-- \/ Yoast SEO plugin. -->","yoast_head_json":{"title":"Pol\u00edtica de Redes Sociales - Xelini","robots":{"index":"index","follow":"follow","max-snippet":"max-snippet:-1","max-image-preview":"max-image-preview:large","max-video-preview":"max-video-preview:-1"},"canonical":"http:\/\/xelinideia.com\/de\/politica-de-redes-sociales\/","og_locale":"de_DE","og_type":"article","og_title":"Pol\u00edtica de Redes Sociales - Xelini","og_description":"Pol\u00edtica de Redes SocialesEn cumplimiento de la Ley de Protecci\u00f3n de Datos de Car\u00e1cter Personal y la Ley 34\/2002, de 11 de julio, de Servicios de la Sociedad de la Informaci\u00f3n y de Comercio Electr\u00f3nico (LSSI-CE), Restaurante Xelini informa a los usuarios, que ha procedido a crear un perfil en las Redes Sociales Facebook, Twitter, [&hellip;]","og_url":"http:\/\/xelinideia.com\/de\/politica-de-redes-sociales\/","og_site_name":"Xelini","article_modified_time":"2022-06-14T17:02:30+00:00","twitter_card":"summary_large_image","twitter_misc":{"Gesch\u00e4tzte Lesezeit":"5\u00a0Minuten"},"schema":{"@context":"https:\/\/schema.org","@graph":[{"@type":"WebPage","@id":"http:\/\/xelinideia.com\/de\/politica-de-redes-sociales\/","url":"http:\/\/xelinideia.com\/de\/politica-de-redes-sociales\/","name":"Pol\u00edtica de Redes Sociales - Xelini","isPartOf":{"@id":"http:\/\/xelinideia.com\/#website"},"datePublished":"2022-06-14T07:54:06+00:00","dateModified":"2022-06-14T17:02:30+00:00","breadcrumb":{"@id":"http:\/\/xelinideia.com\/de\/politica-de-redes-sociales\/#breadcrumb"},"inLanguage":"de","potentialAction":[{"@type":"ReadAction","target":["http:\/\/xelinideia.com\/de\/politica-de-redes-sociales\/"]}]},{"@type":"BreadcrumbList","@id":"http:\/\/xelinideia.com\/de\/politica-de-redes-sociales\/#breadcrumb","itemListElement":[{"@type":"ListItem","position":1,"name":"Portada","item":"https:\/\/xelinideia.com\/"},{"@type":"ListItem","position":2,"name":"Pol\u00edtica de Redes Sociales"}]},{"@type":"WebSite","@id":"http:\/\/xelinideia.com\/#website","url":"http:\/\/xelinideia.com\/","name":"Xelini","description":"Restaurante Dei\u00e0 Mallorca","potentialAction":[{"@type":"SearchAction","target":{"@type":"EntryPoint","urlTemplate":"http:\/\/xelinideia.com\/?s={search_term_string}"},"query-input":{"@type":"PropertyValueSpecification","valueRequired":true,"valueName":"search_term_string"}}],"inLanguage":"de"}]}},"_links":{"self":[{"href":"http:\/\/xelinideia.com\/de\/wp-json\/wp\/v2\/pages\/1035","targetHints":{"allow":["GET"]}}],"collection":[{"href":"http:\/\/xelinideia.com\/de\/wp-json\/wp\/v2\/pages"}],"about":[{"href":"http:\/\/xelinideia.com\/de\/wp-json\/wp\/v2\/types\/page"}],"author":[{"embeddable":true,"href":"http:\/\/xelinideia.com\/de\/wp-json\/wp\/v2\/users\/2"}],"replies":[{"embeddable":true,"href":"http:\/\/xelinideia.com\/de\/wp-json\/wp\/v2\/comments?post=1035"}],"version-history":[{"count":3,"href":"http:\/\/xelinideia.com\/de\/wp-json\/wp\/v2\/pages\/1035\/revisions"}],"predecessor-version":[{"id":1056,"href":"http:\/\/xelinideia.com\/de\/wp-json\/wp\/v2\/pages\/1035\/revisions\/1056"}],"wp:attachment":[{"href":"http:\/\/xelinideia.com\/de\/wp-json\/wp\/v2\/media?parent=1035"}],"curies":[{"name":"wp","href":"https:\/\/api.w.org\/{rel}","templated":true}]}}